{"id":1631,"date":"2023-03-15T14:37:19","date_gmt":"2023-03-15T14:37:19","guid":{"rendered":"https:\/\/360schoolgroups.com\/personnalisez-votre-voyage\/"},"modified":"2023-05-17T09:13:39","modified_gmt":"2023-05-17T09:13:39","slug":"personnalisez-votre-voyage","status":"publish","type":"page","link":"https:\/\/360toursschooltrips.com\/fr\/personnalisez-votre-voyage\/","title":{"rendered":"Personnalisez votre voyage"},"content":{"rendered":"<p>[et_pb_section fb_built=\u00a0\u00bb1&Prime; disabled_on=\u00a0\u00bboff|off|off\u00a0\u00bb _builder_version=\u00a0\u00bb4.19.5&Prime; custom_padding=\u00a0\u00bb17px|||||\u00a0\u00bb global_colors_info=\u00a0\u00bb{}\u00a0\u00bb][et_pb_row column_structure=\u00a0\u00bb3_5,2_5&Prime; use_custom_gutter=\u00a0\u00bbon\u00a0\u00bb _builder_version=\u00a0\u00bb4.19.5&Prime; width=\u00a0\u00bb100%\u00a0\u00bb custom_margin=\u00a0\u00bb||||false|false\u00a0\u00bb custom_margin_tablet=\u00a0\u00bb||||false|false\u00a0\u00bb custom_margin_phone=\u00a0\u00bb||||false|false\u00a0\u00bb custom_margin_last_edited=\u00a0\u00bbon|phone\u00a0\u00bb global_colors_info=\u00a0\u00bb{}\u00a0\u00bb][et_pb_column type=\u00a0\u00bb3_5&Prime; _builder_version=\u00a0\u00bb4.16&Prime; custom_padding=\u00a0\u00bb|||\u00a0\u00bb global_colors_info=\u00a0\u00bb{}\u00a0\u00bb custom_padding__hover=\u00a0\u00bb|||\u00a0\u00bb][wpforms_selector form_id=\u00a0\u00bb771&Prime; show_title=\u00a0\u00bbon\u00a0\u00bb _builder_version=\u00a0\u00bb4.20.2&Prime; _module_preset=\u00a0\u00bbdefault\u00a0\u00bb width=\u00a0\u00bb100%\u00a0\u00bb custom_margin_tablet=\u00a0\u00bb\u00a0\u00bb custom_margin_phone=\u00a0\u00bb||||false|false\u00a0\u00bb custom_margin_last_edited=\u00a0\u00bbon|phone\u00a0\u00bb custom_padding=\u00a0\u00bb|40px||40px|false|true\u00a0\u00bb hover_enabled=\u00a0\u00bb0&Prime; global_colors_info=\u00a0\u00bb{}\u00a0\u00bb sticky_enabled=\u00a0\u00bb0&Prime;][\/wpforms_selector][\/et_pb_column][et_pb_column type=\u00a0\u00bb2_5&Prime; _builder_version=\u00a0\u00bb4.19.5&Prime; _module_preset=\u00a0\u00bbdefault\u00a0\u00bb global_colors_info=\u00a0\u00bb{}\u00a0\u00bb][et_pb_image src=\u00a0\u00bbhttps:\/\/360toursschooltrips.com\/wp-content\/uploads\/2023\/03\/Dutch-house-2.png\u00a0\u00bb title_text=\u00a0\u00bbMaison hollandaise 2&Prime; disabled_on=\u00a0\u00bbon|on|off\u00a0\u00bb _builder_version=\u00a0\u00bb4.19.5&Prime; _module_preset=\u00a0\u00bbdefault\u00a0\u00bb global_colors_info=\u00a0\u00bb{}\u00a0\u00bb][\/et_pb_image][\/et_pb_column][\/et_pb_row][\/et_pb_section]<\/p>\n","protected":false},"excerpt":{"rendered":"<div class=\"et_pb_module wpforms_selector wpforms_selector_0\">\n\t\t\t\t\n\t\t\t\t\n\t\t\t\t\n\t\t\t\t\n\t\t\t\t\n\t\t\t\t\n\t\t\t\t<div class=\"et_pb_module_inner\">\n\t\t\t\t\t<div class=\"wpforms-container wpforms-container-full\" id=\"wpforms-771\"><form id=\"wpforms-form-771\" class=\"wpforms-validate wpforms-form wpforms-ajax-form\" data-formid=\"771\" method=\"post\" enctype=\"multipart\/form-data\" action=\"\/fr\/wp-json\/wp\/v2\/pages\/1631\" data-token=\"d42f055edf0933cd240d1993a9f395c7\" data-token-time=\"1777452986\"><div class=\"wpforms-head-container\"><div class=\"wpforms-title\">Customize Your Tour<\/div><\/div><noscript class=\"wpforms-error-noscript\">Veuillez activer JavaScript dans votre navigateur pour remplir ce formulaire.<\/noscript><div class=\"wpforms-field-container\"><div id=\"wpforms-771-field_2-container\" class=\"wpforms-field wpforms-field-name\" data-field-id=\"2\"><label class=\"wpforms-field-label\">Name <span class=\"wpforms-required-label\">*<\/span><\/label><div class=\"wpforms-field-row wpforms-field-medium\"><div class=\"wpforms-field-row-block wpforms-first wpforms-one-half\"><input type=\"text\" id=\"wpforms-771-field_2\" class=\"wpforms-field-name-first wpforms-field-required\" name=\"wpforms[fields][2][first]\" required><label for=\"wpforms-771-field_2\" class=\"wpforms-field-sublabel after\">Pr\u00e9nom<\/label><\/div><div class=\"wpforms-field-row-block wpforms-one-half\"><input type=\"text\" id=\"wpforms-771-field_2-last\" class=\"wpforms-field-name-last wpforms-field-required\" name=\"wpforms[fields][2][last]\" required><label for=\"wpforms-771-field_2-last\" class=\"wpforms-field-sublabel after\">Nom<\/label><\/div><\/div><\/div><div id=\"wpforms-771-field_3-container\" class=\"wpforms-field wpforms-field-email\" data-field-id=\"3\"><label class=\"wpforms-field-label\" for=\"wpforms-771-field_3\">Email <span class=\"wpforms-required-label\">*<\/span><\/label><input type=\"email\" id=\"wpforms-771-field_3\" class=\"wpforms-field-medium wpforms-field-required\" name=\"wpforms[fields][3]\" spellcheck=\"false\" required><\/div><div id=\"wpforms-771-field_6-container\" class=\"wpforms-field wpforms-field-number\" data-field-id=\"6\"><label class=\"wpforms-field-label\" for=\"wpforms-771-field_6\">How many days do you want to go on tours? <span class=\"wpforms-required-label\">*<\/span><\/label><input type=\"number\" id=\"wpforms-771-field_6\" class=\"wpforms-field-medium wpforms-field-required\" name=\"wpforms[fields][6]\" step=\"any\" required><\/div><div id=\"wpforms-771-field_4-container\" class=\"wpforms-field wpforms-field-text\" data-field-id=\"4\"><label class=\"wpforms-field-label\" for=\"wpforms-771-field_4\">Preferred Tour Date <span class=\"wpforms-required-label\">*<\/span><\/label><input type=\"text\" id=\"wpforms-771-field_4\" class=\"wpforms-field-medium wpforms-field-required\" name=\"wpforms[fields][4]\" required><div class=\"wpforms-field-description\">DD_MM-YYYY<\/div><\/div><div id=\"wpforms-771-field_7-container\" class=\"wpforms-field wpforms-field-select wpforms-field-select-style-classic\" data-field-id=\"7\"><label class=\"wpforms-field-label\" for=\"wpforms-771-field_7\">Language <span class=\"wpforms-required-label\">*<\/span><\/label><select id=\"wpforms-771-field_7\" class=\"wpforms-field-medium wpforms-field-required\" name=\"wpforms[fields][7]\" required=\"required\"><option value=\"English\"  class=\"choice-1 depth-1\"  >English<\/option><option value=\"Dutch \"  class=\"choice-2 depth-1\"  >Dutch<\/option><option value=\"Spanish\"  class=\"choice-3 depth-1\"  >Spanish<\/option><option value=\"German\"  class=\"choice-6 depth-1\"  >German<\/option><option value=\"Italian\"  class=\"choice-5 depth-1\"  >Italian<\/option><option value=\"French\"  class=\"choice-7 depth-1\"  >French<\/option><option value=\"Portuguese\"  class=\"choice-4 depth-1\"  >Portuguese<\/option><\/select><\/div><div id=\"wpforms-771-field_8-container\" class=\"wpforms-field wpforms-field-select wpforms-field-select-style-classic\" data-field-id=\"8\"><label class=\"wpforms-field-label\" for=\"wpforms-771-field_8\">Preferred Time <span class=\"wpforms-required-label\">*<\/span><\/label><select id=\"wpforms-771-field_8\" class=\"wpforms-field-medium wpforms-field-required\" name=\"wpforms[fields][8]\" required=\"required\"><option value=\"9 AM\"  class=\"choice-1 depth-1\"  >9 AM<\/option><option value=\"9.30 AM\"  class=\"choice-2 depth-1\"  >9.30 AM<\/option><option value=\"10 AM\"  class=\"choice-3 depth-1\"  >10 AM<\/option><option value=\"10.30 AM\"  class=\"choice-11 depth-1\"  >10.30 AM<\/option><option value=\"11 AM\"  class=\"choice-10 depth-1\"  >11 AM<\/option><option value=\"11.30 AM\"  class=\"choice-9 depth-1\"  >11.30 AM<\/option><option value=\"12 PM\"  class=\"choice-8 depth-1\"  >12 PM<\/option><option value=\"12.30 PM\"  class=\"choice-7 depth-1\"  >12.30 PM<\/option><option value=\"1 PM\"  class=\"choice-6 depth-1\"  >1 PM<\/option><option value=\"1.30 PM\"  class=\"choice-5 depth-1\"  >1.30 PM<\/option><option value=\"2 PM\"  class=\"choice-4 depth-1\"  >2 PM<\/option><option value=\"2.30 PM\"  class=\"choice-20 depth-1\"  >2.30 PM<\/option><option value=\"3 PM\"  class=\"choice-19 depth-1\"  >3 PM<\/option><option value=\"3.30 PM\"  class=\"choice-18 depth-1\"  >3.30 PM<\/option><option value=\"4 PM\"  class=\"choice-17 depth-1\"  >4 PM<\/option><option value=\"4.30 PM\"  class=\"choice-16 depth-1\"  >4.30 PM<\/option><option value=\"5 PM\"  class=\"choice-15 depth-1\"  >5 PM<\/option><option value=\"5.30 PM\"  class=\"choice-14 depth-1\"  >5.30 PM<\/option><option value=\"6 PM\"  class=\"choice-13 depth-1\"  >6 PM<\/option><option value=\"6.30 PM\"  class=\"choice-12 depth-1\"  >6.30 PM<\/option><option value=\"7 PM\"  class=\"choice-27 depth-1\"  >7 PM<\/option><option value=\"7.30 PM\"  class=\"choice-26 depth-1\"  >7.30 PM<\/option><option value=\"8 PM\"  class=\"choice-25 depth-1\"  >8 PM<\/option><option value=\"8.30 PM\"  class=\"choice-24 depth-1\"  >8.30 PM<\/option><option value=\"9 PM\"  class=\"choice-23 depth-1\"  >9 PM<\/option><option value=\"9.30 PM\"  class=\"choice-22 depth-1\"  >9.30 PM<\/option><option value=\"10 PM\"  class=\"choice-21 depth-1\"  >10 PM<\/option><\/select><\/div><div id=\"wpforms-771-field_9-container\" class=\"wpforms-field wpforms-field-select wpforms-field-select-style-classic\" data-field-id=\"9\"><label class=\"wpforms-field-label\" for=\"wpforms-771-field_9\">Preferred Duration of Tour  <span class=\"wpforms-required-label\">*<\/span><\/label><select id=\"wpforms-771-field_9\" class=\"wpforms-field-medium wpforms-field-required\" name=\"wpforms[fields][9]\" required=\"required\"><option value=\"1 h\"  class=\"choice-1 depth-1\"  >1 h<\/option><option value=\"1.5 h\"  class=\"choice-2 depth-1\"  >1.5 h<\/option><option value=\"2 h\"  class=\"choice-3 depth-1\"  >2 h<\/option><option value=\"2.5 h\"  class=\"choice-11 depth-1\"  >2.5 h<\/option><option value=\"3 h\"  class=\"choice-10 depth-1\"  >3 h<\/option><option value=\"3.5 h\"  class=\"choice-9 depth-1\"  >3.5 h<\/option><option value=\"4 h\"  class=\"choice-8 depth-1\"  >4 h<\/option><option value=\"4.5 h\"  class=\"choice-7 depth-1\"  >4.5 h<\/option><option value=\"5 h\"  class=\"choice-6 depth-1\"  >5 h<\/option><option value=\"5.5 h\"  class=\"choice-5 depth-1\"  >5.5 h<\/option><option value=\"6 h\"  class=\"choice-4 depth-1\"  >6 h<\/option><option value=\"6.5 h\"  class=\"choice-15 depth-1\"  >6.5 h<\/option><option value=\"7 h\"  class=\"choice-14 depth-1\"  >7 h<\/option><option value=\"7.5 h\"  class=\"choice-13 depth-1\"  >7.5 h<\/option><option value=\"8 h\"  class=\"choice-12 depth-1\"  >8 h<\/option><\/select><\/div><div id=\"wpforms-771-field_10-container\" class=\"wpforms-field wpforms-field-number\" data-field-id=\"10\"><label class=\"wpforms-field-label\" for=\"wpforms-771-field_10\">Number of participants <span class=\"wpforms-required-label\">*<\/span><\/label><input type=\"number\" id=\"wpforms-771-field_10\" class=\"wpforms-field-medium wpforms-field-required\" name=\"wpforms[fields][10]\" step=\"any\" required><\/div><div id=\"wpforms-771-field_11-container\" class=\"wpforms-field wpforms-field-textarea\" data-field-id=\"11\"><label class=\"wpforms-field-label\" for=\"wpforms-771-field_11\">Message <span class=\"wpforms-required-label\">*<\/span><\/label><textarea id=\"wpforms-771-field_11\" class=\"wpforms-field-medium wpforms-field-required\" name=\"wpforms[fields][11]\" required><\/textarea><\/div><\/div><!-- .wpforms-field-container --><div class=\"wpforms-submit-container\" ><input type=\"hidden\" name=\"wpforms[id]\" value=\"771\"><input type=\"hidden\" name=\"page_title\" value=\"\"><input type=\"hidden\" name=\"page_url\" value=\"https:\/\/360toursschooltrips.com\/fr\/wp-json\/wp\/v2\/pages\/1631\"><input type=\"hidden\" name=\"url_referer\" value=\"\"><button type=\"submit\" name=\"wpforms[submit]\" id=\"wpforms-submit-771\" class=\"wpforms-submit\" data-alt-text=\"Sending...\" data-submit-text=\"SEND\" aria-live=\"assertive\" value=\"wpforms-submit\">SEND<\/button><img loading=\"lazy\" decoding=\"async\" src=\"https:\/\/360toursschooltrips.com\/wp-content\/plugins\/wpforms-lite\/assets\/images\/submit-spin.svg\" class=\"wpforms-submit-spinner\" style=\"display: none;\" width=\"26\" height=\"26\" alt=\"Chargement en cours\"><\/div><\/form><\/div>  <!-- .wpforms-container -->\n\t\t\t\t<\/div>\n\t\t\t<\/div>\n","protected":false},"author":1,"featured_media":1299,"parent":0,"menu_order":0,"comment_status":"closed","ping_status":"closed","template":"","meta":{"_et_pb_use_builder":"on","_et_pb_old_content":"","_et_gb_content_width":"","om_disable_all_campaigns":false,"_monsterinsights_skip_tracking":false,"_monsterinsights_sitenote_active":false,"_monsterinsights_sitenote_note":"","_monsterinsights_sitenote_category":0,"footnotes":""},"class_list":["post-1631","page","type-page","status-publish","has-post-thumbnail","hentry"],"yoast_head":"<!-- This site is optimized with the Yoast SEO plugin v27.2 - https:\/\/yoast.com\/product\/yoast-seo-wordpress\/ -->\n<title>Personnalisez votre voyage - School Trips and Activities<\/title>\n<meta name=\"description\" content=\"Faites-nous savoir ce que vous aimeriez faire et voir \u00e0 Amsterdam et nous vous aiderons \u00e0 concevoir une exp\u00e9rience \u00e9tonnante pour que vous puissiez profiter au maximum de votre temps...\" \/>\n<meta name=\"robots\" content=\"index, follow, max-snippet:-1, max-image-preview:large, max-video-preview:-1\" \/>\n<link rel=\"canonical\" href=\"https:\/\/360toursschooltrips.com\/fr\/personnalisez-votre-voyage\/\" \/>\n<meta property=\"og:locale\" content=\"fr_FR\" \/>\n<meta property=\"og:type\" content=\"article\" \/>\n<meta property=\"og:title\" content=\"Personnalisez votre voyage - School Trips and Activities\" \/>\n<meta property=\"og:description\" content=\"Faites-nous savoir ce que vous aimeriez faire et voir \u00e0 Amsterdam et nous vous aiderons \u00e0 concevoir une exp\u00e9rience \u00e9tonnante pour que vous puissiez profiter au maximum de votre temps...\" \/>\n<meta property=\"og:url\" content=\"https:\/\/360toursschooltrips.com\/fr\/personnalisez-votre-voyage\/\" \/>\n<meta property=\"og:site_name\" content=\"School Trips and Activities\" \/>\n<meta property=\"article:modified_time\" content=\"2023-05-17T09:13:39+00:00\" \/>\n<meta property=\"og:image\" content=\"https:\/\/360toursschooltrips.com\/wp-content\/uploads\/2023\/03\/Waag-fr-hp.jpg\" \/>\n\t<meta property=\"og:image:width\" content=\"350\" \/>\n\t<meta property=\"og:image:height\" content=\"245\" \/>\n\t<meta property=\"og:image:type\" content=\"image\/jpeg\" \/>\n<meta name=\"twitter:card\" content=\"summary_large_image\" \/>\n<meta name=\"twitter:label1\" content=\"Dur\u00e9e de lecture estim\u00e9e\" \/>\n\t<meta name=\"twitter:data1\" content=\"1 minute\" \/>\n<script type=\"application\/ld+json\" class=\"yoast-schema-graph\">{\"@context\":\"https:\/\/schema.org\",\"@graph\":[{\"@type\":\"WebPage\",\"@id\":\"https:\/\/360toursschooltrips.com\/fr\/personnalisez-votre-voyage\/\",\"url\":\"https:\/\/360toursschooltrips.com\/fr\/personnalisez-votre-voyage\/\",\"name\":\"Personnalisez votre voyage - School Trips and Activities\",\"isPartOf\":{\"@id\":\"https:\/\/360toursschooltrips.com\/fr\/#website\"},\"primaryImageOfPage\":{\"@id\":\"https:\/\/360toursschooltrips.com\/fr\/personnalisez-votre-voyage\/#primaryimage\"},\"image\":{\"@id\":\"https:\/\/360toursschooltrips.com\/fr\/personnalisez-votre-voyage\/#primaryimage\"},\"thumbnailUrl\":\"https:\/\/360toursschooltrips.com\/wp-content\/uploads\/2023\/03\/Waag-fr-hp.jpg\",\"datePublished\":\"2023-03-15T14:37:19+00:00\",\"dateModified\":\"2023-05-17T09:13:39+00:00\",\"description\":\"Faites-nous savoir ce que vous aimeriez faire et voir \u00e0 Amsterdam et nous vous aiderons \u00e0 concevoir une exp\u00e9rience \u00e9tonnante pour que vous puissiez profiter au maximum de votre temps...\",\"breadcrumb\":{\"@id\":\"https:\/\/360toursschooltrips.com\/fr\/personnalisez-votre-voyage\/#breadcrumb\"},\"inLanguage\":\"fr-FR\",\"potentialAction\":[{\"@type\":\"ReadAction\",\"target\":[\"https:\/\/360toursschooltrips.com\/fr\/personnalisez-votre-voyage\/\"]}]},{\"@type\":\"ImageObject\",\"inLanguage\":\"fr-FR\",\"@id\":\"https:\/\/360toursschooltrips.com\/fr\/personnalisez-votre-voyage\/#primaryimage\",\"url\":\"https:\/\/360toursschooltrips.com\/wp-content\/uploads\/2023\/03\/Waag-fr-hp.jpg\",\"contentUrl\":\"https:\/\/360toursschooltrips.com\/wp-content\/uploads\/2023\/03\/Waag-fr-hp.jpg\",\"width\":350,\"height\":245},{\"@type\":\"BreadcrumbList\",\"@id\":\"https:\/\/360toursschooltrips.com\/fr\/personnalisez-votre-voyage\/#breadcrumb\",\"itemListElement\":[{\"@type\":\"ListItem\",\"position\":1,\"name\":\"Home\",\"item\":\"https:\/\/360toursschooltrips.com\/fr\/\"},{\"@type\":\"ListItem\",\"position\":2,\"name\":\"Personnalisez votre voyage\"}]},{\"@type\":\"WebSite\",\"@id\":\"https:\/\/360toursschooltrips.com\/fr\/#website\",\"url\":\"https:\/\/360toursschooltrips.com\/fr\/\",\"name\":\"School Trips and Activities\",\"description\":\"An Educational Journey With Tours and Activities\",\"potentialAction\":[{\"@type\":\"SearchAction\",\"target\":{\"@type\":\"EntryPoint\",\"urlTemplate\":\"https:\/\/360toursschooltrips.com\/fr\/?s={search_term_string}\"},\"query-input\":{\"@type\":\"PropertyValueSpecification\",\"valueRequired\":true,\"valueName\":\"search_term_string\"}}],\"inLanguage\":\"fr-FR\"}]}<\/script>\n<!-- \/ Yoast SEO plugin. -->","yoast_head_json":{"title":"Personnalisez votre voyage - School Trips and Activities","description":"Faites-nous savoir ce que vous aimeriez faire et voir \u00e0 Amsterdam et nous vous aiderons \u00e0 concevoir une exp\u00e9rience \u00e9tonnante pour que vous puissiez profiter au maximum de votre temps...","robots":{"index":"index","follow":"follow","max-snippet":"max-snippet:-1","max-image-preview":"max-image-preview:large","max-video-preview":"max-video-preview:-1"},"canonical":"https:\/\/360toursschooltrips.com\/fr\/personnalisez-votre-voyage\/","og_locale":"fr_FR","og_type":"article","og_title":"Personnalisez votre voyage - School Trips and Activities","og_description":"Faites-nous savoir ce que vous aimeriez faire et voir \u00e0 Amsterdam et nous vous aiderons \u00e0 concevoir une exp\u00e9rience \u00e9tonnante pour que vous puissiez profiter au maximum de votre temps...","og_url":"https:\/\/360toursschooltrips.com\/fr\/personnalisez-votre-voyage\/","og_site_name":"School Trips and Activities","article_modified_time":"2023-05-17T09:13:39+00:00","og_image":[{"width":350,"height":245,"url":"https:\/\/360toursschooltrips.com\/wp-content\/uploads\/2023\/03\/Waag-fr-hp.jpg","type":"image\/jpeg"}],"twitter_card":"summary_large_image","twitter_misc":{"Dur\u00e9e de lecture estim\u00e9e":"1 minute"},"schema":{"@context":"https:\/\/schema.org","@graph":[{"@type":"WebPage","@id":"https:\/\/360toursschooltrips.com\/fr\/personnalisez-votre-voyage\/","url":"https:\/\/360toursschooltrips.com\/fr\/personnalisez-votre-voyage\/","name":"Personnalisez votre voyage - School Trips and Activities","isPartOf":{"@id":"https:\/\/360toursschooltrips.com\/fr\/#website"},"primaryImageOfPage":{"@id":"https:\/\/360toursschooltrips.com\/fr\/personnalisez-votre-voyage\/#primaryimage"},"image":{"@id":"https:\/\/360toursschooltrips.com\/fr\/personnalisez-votre-voyage\/#primaryimage"},"thumbnailUrl":"https:\/\/360toursschooltrips.com\/wp-content\/uploads\/2023\/03\/Waag-fr-hp.jpg","datePublished":"2023-03-15T14:37:19+00:00","dateModified":"2023-05-17T09:13:39+00:00","description":"Faites-nous savoir ce que vous aimeriez faire et voir \u00e0 Amsterdam et nous vous aiderons \u00e0 concevoir une exp\u00e9rience \u00e9tonnante pour que vous puissiez profiter au maximum de votre temps...","breadcrumb":{"@id":"https:\/\/360toursschooltrips.com\/fr\/personnalisez-votre-voyage\/#breadcrumb"},"inLanguage":"fr-FR","potentialAction":[{"@type":"ReadAction","target":["https:\/\/360toursschooltrips.com\/fr\/personnalisez-votre-voyage\/"]}]},{"@type":"ImageObject","inLanguage":"fr-FR","@id":"https:\/\/360toursschooltrips.com\/fr\/personnalisez-votre-voyage\/#primaryimage","url":"https:\/\/360toursschooltrips.com\/wp-content\/uploads\/2023\/03\/Waag-fr-hp.jpg","contentUrl":"https:\/\/360toursschooltrips.com\/wp-content\/uploads\/2023\/03\/Waag-fr-hp.jpg","width":350,"height":245},{"@type":"BreadcrumbList","@id":"https:\/\/360toursschooltrips.com\/fr\/personnalisez-votre-voyage\/#breadcrumb","itemListElement":[{"@type":"ListItem","position":1,"name":"Home","item":"https:\/\/360toursschooltrips.com\/fr\/"},{"@type":"ListItem","position":2,"name":"Personnalisez votre voyage"}]},{"@type":"WebSite","@id":"https:\/\/360toursschooltrips.com\/fr\/#website","url":"https:\/\/360toursschooltrips.com\/fr\/","name":"School Trips and Activities","description":"An Educational Journey With Tours and Activities","potentialAction":[{"@type":"SearchAction","target":{"@type":"EntryPoint","urlTemplate":"https:\/\/360toursschooltrips.com\/fr\/?s={search_term_string}"},"query-input":{"@type":"PropertyValueSpecification","valueRequired":true,"valueName":"search_term_string"}}],"inLanguage":"fr-FR"}]}},"_links":{"self":[{"href":"https:\/\/360toursschooltrips.com\/fr\/wp-json\/wp\/v2\/pages\/1631","targetHints":{"allow":["GET"]}}],"collection":[{"href":"https:\/\/360toursschooltrips.com\/fr\/wp-json\/wp\/v2\/pages"}],"about":[{"href":"https:\/\/360toursschooltrips.com\/fr\/wp-json\/wp\/v2\/types\/page"}],"author":[{"embeddable":true,"href":"https:\/\/360toursschooltrips.com\/fr\/wp-json\/wp\/v2\/users\/1"}],"replies":[{"embeddable":true,"href":"https:\/\/360toursschooltrips.com\/fr\/wp-json\/wp\/v2\/comments?post=1631"}],"version-history":[{"count":9,"href":"https:\/\/360toursschooltrips.com\/fr\/wp-json\/wp\/v2\/pages\/1631\/revisions"}],"predecessor-version":[{"id":1656,"href":"https:\/\/360toursschooltrips.com\/fr\/wp-json\/wp\/v2\/pages\/1631\/revisions\/1656"}],"wp:featuredmedia":[{"embeddable":true,"href":"https:\/\/360toursschooltrips.com\/fr\/wp-json\/wp\/v2\/media\/1299"}],"wp:attachment":[{"href":"https:\/\/360toursschooltrips.com\/fr\/wp-json\/wp\/v2\/media?parent=1631"}],"curies":[{"name":"wp","href":"https:\/\/api.w.org\/{rel}","templated":true}]}}